{"id":1782,"date":"2021-05-18T21:05:58","date_gmt":"2021-05-18T19:05:58","guid":{"rendered":"https:\/\/magiclink.pl\/?page_id=1782"},"modified":"2023-03-13T09:43:34","modified_gmt":"2023-03-13T08:43:34","slug":"magiclink","status":"publish","type":"page","link":"https:\/\/magiclink.pl\/","title":{"rendered":"MagicLink"},"content":{"rendered":"","protected":false},"excerpt":{"rendered":"","protected":false},"author":1,"featured_media":0,"parent":0,"menu_order":0,"comment_status":"closed","ping_status":"closed","template":"","meta":{"footnotes":""},"class_list":["post-1782","page","type-page","status-publish","hentry"],"yoast_head":"<!-- This site is optimized with the Yoast SEO plugin v25.9 - https:\/\/yoast.com\/wordpress\/plugins\/seo\/ -->\n<title>MagicLink by PureLink - kabel HDMI MagicLink 2.0 oraz 2.1<\/title>\n<meta name=\"description\" content=\"\u261b Certyfikowane kable HDMI 2.0 oraz 2.1, kt\u00f3re wsp\u00f3\u0142pracuj\u0105 ze wszystkimi urz\u0105dzeniami wysy\u0142aj\u0105cymi sygna\u0142 w jako\u015bci obrazu 8K - darmowa wysy\u0142ka \u261a\" \/>\n<meta name=\"robots\" content=\"index, follow, max-snippet:-1, max-image-preview:large, max-video-preview:-1\" \/>\n<link rel=\"canonical\" href=\"https:\/\/magiclink.pl\/\" \/>\n<meta property=\"og:locale\" content=\"pl_PL\" \/>\n<meta property=\"og:type\" content=\"article\" \/>\n<meta property=\"og:title\" content=\"MagicLink by PureLink - kabel HDMI MagicLink 2.0 oraz 2.1\" \/>\n<meta property=\"og:description\" content=\"\u261b Certyfikowane kable HDMI 2.0 oraz 2.1, kt\u00f3re wsp\u00f3\u0142pracuj\u0105 ze wszystkimi urz\u0105dzeniami wysy\u0142aj\u0105cymi sygna\u0142 w jako\u015bci obrazu 8K - darmowa wysy\u0142ka \u261a\" \/>\n<meta property=\"og:url\" content=\"https:\/\/magiclink.pl\/\" \/>\n<meta property=\"og:site_name\" content=\"MagicLink by PureLink\" \/>\n<meta property=\"article:modified_time\" content=\"2023-03-13T08:43:34+00:00\" \/>\n<meta name=\"twitter:card\" content=\"summary_large_image\" \/>\n<script type=\"application\/ld+json\" class=\"yoast-schema-graph\">{\"@context\":\"https:\/\/schema.org\",\"@graph\":[{\"@type\":\"WebPage\",\"@id\":\"https:\/\/magiclink.pl\/\",\"url\":\"https:\/\/magiclink.pl\/\",\"name\":\"MagicLink by PureLink - kabel HDMI MagicLink 2.0 oraz 2.1\",\"isPartOf\":{\"@id\":\"https:\/\/magiclink.pl\/#website\"},\"datePublished\":\"2021-05-18T19:05:58+00:00\",\"dateModified\":\"2023-03-13T08:43:34+00:00\",\"description\":\"\u261b Certyfikowane kable HDMI 2.0 oraz 2.1, kt\u00f3re wsp\u00f3\u0142pracuj\u0105 ze wszystkimi urz\u0105dzeniami wysy\u0142aj\u0105cymi sygna\u0142 w jako\u015bci obrazu 8K - darmowa wysy\u0142ka \u261a\",\"breadcrumb\":{\"@id\":\"https:\/\/magiclink.pl\/#breadcrumb\"},\"inLanguage\":\"pl-PL\",\"potentialAction\":[{\"@type\":\"ReadAction\",\"target\":[\"https:\/\/magiclink.pl\/\"]}]},{\"@type\":\"BreadcrumbList\",\"@id\":\"https:\/\/magiclink.pl\/#breadcrumb\",\"itemListElement\":[{\"@type\":\"ListItem\",\"position\":1,\"name\":\"Strona g\u0142\u00f3wna\",\"item\":\"https:\/\/magiclink.pl\/\"},{\"@type\":\"ListItem\",\"position\":2,\"name\":\"MagicLink\"}]},{\"@type\":\"WebSite\",\"@id\":\"https:\/\/magiclink.pl\/#website\",\"url\":\"https:\/\/magiclink.pl\/\",\"name\":\"MagicLink by PureLink\",\"description\":\"Kabel HDMI 4K lub 8K idealny do konsoli, telewizora, dekodera telewizji, odtwarzacza Blu-ray\",\"potentialAction\":[{\"@type\":\"SearchAction\",\"target\":{\"@type\":\"EntryPoint\",\"urlTemplate\":\"https:\/\/magiclink.pl\/?s={search_term_string}\"},\"query-input\":{\"@type\":\"PropertyValueSpecification\",\"valueRequired\":true,\"valueName\":\"search_term_string\"}}],\"inLanguage\":\"pl-PL\"}]}<\/script>\n<!-- \/ Yoast SEO plugin. -->","yoast_head_json":{"title":"MagicLink by PureLink - kabel HDMI MagicLink 2.0 oraz 2.1","description":"\u261b Certyfikowane kable HDMI 2.0 oraz 2.1, kt\u00f3re wsp\u00f3\u0142pracuj\u0105 ze wszystkimi urz\u0105dzeniami wysy\u0142aj\u0105cymi sygna\u0142 w jako\u015bci obrazu 8K - darmowa wysy\u0142ka \u261a","robots":{"index":"index","follow":"follow","max-snippet":"max-snippet:-1","max-image-preview":"max-image-preview:large","max-video-preview":"max-video-preview:-1"},"canonical":"https:\/\/magiclink.pl\/","og_locale":"pl_PL","og_type":"article","og_title":"MagicLink by PureLink - kabel HDMI MagicLink 2.0 oraz 2.1","og_description":"\u261b Certyfikowane kable HDMI 2.0 oraz 2.1, kt\u00f3re wsp\u00f3\u0142pracuj\u0105 ze wszystkimi urz\u0105dzeniami wysy\u0142aj\u0105cymi sygna\u0142 w jako\u015bci obrazu 8K - darmowa wysy\u0142ka \u261a","og_url":"https:\/\/magiclink.pl\/","og_site_name":"MagicLink by PureLink","article_modified_time":"2023-03-13T08:43:34+00:00","twitter_card":"summary_large_image","schema":{"@context":"https:\/\/schema.org","@graph":[{"@type":"WebPage","@id":"https:\/\/magiclink.pl\/","url":"https:\/\/magiclink.pl\/","name":"MagicLink by PureLink - kabel HDMI MagicLink 2.0 oraz 2.1","isPartOf":{"@id":"https:\/\/magiclink.pl\/#website"},"datePublished":"2021-05-18T19:05:58+00:00","dateModified":"2023-03-13T08:43:34+00:00","description":"\u261b Certyfikowane kable HDMI 2.0 oraz 2.1, kt\u00f3re wsp\u00f3\u0142pracuj\u0105 ze wszystkimi urz\u0105dzeniami wysy\u0142aj\u0105cymi sygna\u0142 w jako\u015bci obrazu 8K - darmowa wysy\u0142ka \u261a","breadcrumb":{"@id":"https:\/\/magiclink.pl\/#breadcrumb"},"inLanguage":"pl-PL","potentialAction":[{"@type":"ReadAction","target":["https:\/\/magiclink.pl\/"]}]},{"@type":"BreadcrumbList","@id":"https:\/\/magiclink.pl\/#breadcrumb","itemListElement":[{"@type":"ListItem","position":1,"name":"Strona g\u0142\u00f3wna","item":"https:\/\/magiclink.pl\/"},{"@type":"ListItem","position":2,"name":"MagicLink"}]},{"@type":"WebSite","@id":"https:\/\/magiclink.pl\/#website","url":"https:\/\/magiclink.pl\/","name":"MagicLink by PureLink","description":"Kabel HDMI 4K lub 8K idealny do konsoli, telewizora, dekodera telewizji, odtwarzacza Blu-ray","potentialAction":[{"@type":"SearchAction","target":{"@type":"EntryPoint","urlTemplate":"https:\/\/magiclink.pl\/?s={search_term_string}"},"query-input":{"@type":"PropertyValueSpecification","valueRequired":true,"valueName":"search_term_string"}}],"inLanguage":"pl-PL"}]}},"_links":{"self":[{"href":"https:\/\/magiclink.pl\/index.php\/wp-json\/wp\/v2\/pages\/1782","targetHints":{"allow":["GET"]}}],"collection":[{"href":"https:\/\/magiclink.pl\/index.php\/wp-json\/wp\/v2\/pages"}],"about":[{"href":"https:\/\/magiclink.pl\/index.php\/wp-json\/wp\/v2\/types\/page"}],"author":[{"embeddable":true,"href":"https:\/\/magiclink.pl\/index.php\/wp-json\/wp\/v2\/users\/1"}],"replies":[{"embeddable":true,"href":"https:\/\/magiclink.pl\/index.php\/wp-json\/wp\/v2\/comments?post=1782"}],"version-history":[{"count":1,"href":"https:\/\/magiclink.pl\/index.php\/wp-json\/wp\/v2\/pages\/1782\/revisions"}],"predecessor-version":[{"id":1784,"href":"https:\/\/magiclink.pl\/index.php\/wp-json\/wp\/v2\/pages\/1782\/revisions\/1784"}],"wp:attachment":[{"href":"https:\/\/magiclink.pl\/index.php\/wp-json\/wp\/v2\/media?parent=1782"}],"curies":[{"name":"wp","href":"https:\/\/api.w.org\/{rel}","templated":true}]}}